{"id":134,"date":"2014-06-11T17:04:37","date_gmt":"2014-06-11T15:04:37","guid":{"rendered":"http:\/\/chiusi.jura.uni-saarland.de\/WP\/?page_id=134"},"modified":"2024-04-01T20:12:44","modified_gmt":"2024-04-01T18:12:44","slug":"doktoranden","status":"publish","type":"page","link":"http:\/\/chiusi.jura.uni-saarland.de\/?page_id=134","title":{"rendered":"Doktoranden und Habilitanden"},"content":{"rendered":"\n<table id=\"tablepress-4\" class=\"tablepress tablepress-id-4\">\n<thead>\n<tr class=\"row-1\">\n\t<th class=\"column-1\">Autor<\/th><th class=\"column-2\">Titel der Arbeit<\/th>\n<\/tr>\n<\/thead>\n<tbody class=\"row-striping row-hover\">\n<tr class=\"row-2\">\n\t<td class=\"column-1\">Claudia Duvenkrop<\/td><td class=\"column-2\">\u00dcbergehung naher Angeh\u00f6riger, Behindertentestament, \u00a7 14 HeimG: Eine exemplarische Studie zur Beschr\u00e4nkung der Testierfreiheit aus \u00a7\u00a7 138 und 134 BGB.<\/td>\n<\/tr>\n<tr class=\"row-3\">\n\t<td class=\"column-1\">Giorgi Rusiashvili<\/td><td class=\"column-2\">Zur Anwendbarkeit der Saldotheorie im georgischen Recht. <br \/>\nEine rechtsvergleichende Studie zum georgischen, deutschen, \u00f6sterreichischen und schweizerischen Bereicherungsrecht<br \/>\n<\/td>\n<\/tr>\n<tr class=\"row-4\">\n\t<td class=\"column-1\">Ulrike Babusiaux<\/td><td class=\"column-2\">Id quod actum est.<br \/>\nZur Ermittlung des Parteiwillens im klassischen r\u00f6mischen Zivilprozessrecht<br \/>\n<\/td>\n<\/tr>\n<tr class=\"row-5\">\n\t<td class=\"column-1\">Prof. Dr. Ulrike Babusiaux<\/td><td class=\"column-2\">Papinians Quaestiones. Zur rhetorischen Methode eines sp\u00e4tklassischen Juristen. (= M\u00fcnchener Beitr\u00e4ge zur Papyrusforschung und Antiken Rechtsgeschichte H. 103), M\u00fcnchen 2011 (= Habilitationsschrift Univ. des Saarlandes 2009). <\/td>\n<\/tr>\n<tr class=\"row-6\">\n\t<td class=\"column-1\">Sascha Straub<\/td><td class=\"column-2\">Die Rechtsfolgen ehebezogener Zuwendungen im Erbrecht. <br \/>\nEine Untersuchung der Grenzen anerkennenswerter Verm\u00f6gensteilhabe des Ehegatten im Lichte familien- und erbrechtlichen Wertungen<br \/>\n<\/td>\n<\/tr>\n<tr class=\"row-7\">\n\t<td class=\"column-1\">\u00dcnsal D\u00f6nmez<\/td><td class=\"column-2\">Die Haftung f\u00fcr fehlerhafte Arzneimittel in Deutschland und der T\u00fcrkei \u2013 Eine rechtsvergleichende Untersuchung des Arzneimittelhaftungsrechts<\/td>\n<\/tr>\n<tr class=\"row-8\">\n\t<td class=\"column-1\">Ines Keitel<\/td><td class=\"column-2\">Der Minderj\u00e4hrige als strukturell unterlegener - <br \/>\nEine exemplarische Untersuchung des Minderj\u00e4hrigenschutzes im Einheitsgef\u00fcge der Privatrechtsordnung<br \/>\n<\/td>\n<\/tr>\n<tr class=\"row-9\">\n\t<td class=\"column-1\">Nicolas Uwe Vollersen<\/td><td class=\"column-2\">Begriff und System des deutschen Abstammungsrechts<\/td>\n<\/tr>\n<tr class=\"row-10\">\n\t<td class=\"column-1\">Marta Bettinazzi<\/td><td class=\"column-2\">\u201eLa legge nelle declamazioni Quintilianee. Una nuova prospettiva per lo studio della lex Voconia, della lex Iunia Norbana e della lex Iulia de adulteriis\u201c<\/td>\n<\/tr>\n<tr class=\"row-11\">\n\t<td class=\"column-1\">Michele Pedone<\/td><td class=\"column-2\">Per argentarium solvere. Osservazioni per una rivisitazione del receptumargentarii<\/td>\n<\/tr>\n<tr class=\"row-12\">\n\t<td class=\"column-1\">Sebastian Overkamp<\/td><td class=\"column-2\">Geschichte und System des deutschen Kostenerstattungsrechts - Ein Beitrag zur Konkurrenz prozessualer und materiell-rechtlicher Kostenerstattungsanspr\u00fcche<\/td>\n<\/tr>\n<tr class=\"row-13\">\n\t<td class=\"column-1\">Tilman Sutor<\/td><td class=\"column-2\">Billigkeitsanspr\u00fcche und Verm\u00f6gensauseinandersetzung bei Scheidung der Ehe im deutschen und schweizerischen Recht<\/td>\n<\/tr>\n<\/tbody>\n<\/table>\n<!-- #tablepress-4 from cache -->\n<p>&nbsp;<\/p>\n<p>&nbsp;<\/p>\n<p>&nbsp;<\/p>\n","protected":false},"excerpt":{"rendered":"<p>&nbsp; &nbsp; &nbsp;<\/p>\n","protected":false},"author":1,"featured_media":0,"parent":132,"menu_order":0,"comment_status":"closed","ping_status":"closed","template":"","meta":{"footnotes":""},"class_list":["post-134","page","type-page","status-publish","hentry"],"_links":{"self":[{"href":"http:\/\/chiusi.jura.uni-saarland.de\/index.php?rest_route=\/wp\/v2\/pages\/134","targetHints":{"allow":["GET"]}}],"collection":[{"href":"http:\/\/chiusi.jura.uni-saarland.de\/index.php?rest_route=\/wp\/v2\/pages"}],"about":[{"href":"http:\/\/chiusi.jura.uni-saarland.de\/index.php?rest_route=\/wp\/v2\/types\/page"}],"author":[{"embeddable":true,"href":"http:\/\/chiusi.jura.uni-saarland.de\/index.php?rest_route=\/wp\/v2\/users\/1"}],"replies":[{"embeddable":true,"href":"http:\/\/chiusi.jura.uni-saarland.de\/index.php?rest_route=%2Fwp%2Fv2%2Fcomments&post=134"}],"version-history":[{"count":7,"href":"http:\/\/chiusi.jura.uni-saarland.de\/index.php?rest_route=\/wp\/v2\/pages\/134\/revisions"}],"predecessor-version":[{"id":850,"href":"http:\/\/chiusi.jura.uni-saarland.de\/index.php?rest_route=\/wp\/v2\/pages\/134\/revisions\/850"}],"up":[{"embeddable":true,"href":"http:\/\/chiusi.jura.uni-saarland.de\/index.php?rest_route=\/wp\/v2\/pages\/132"}],"wp:attachment":[{"href":"http:\/\/chiusi.jura.uni-saarland.de\/index.php?rest_route=%2Fwp%2Fv2%2Fmedia&parent=134"}],"curies":[{"name":"wp","href":"https:\/\/api.w.org\/{rel}","templated":true}]}}