{"id":162,"date":"2014-06-18T13:28:47","date_gmt":"2014-06-18T11:28:47","guid":{"rendered":"http:\/\/chiusi.jura.uni-saarland.de\/WP\/?page_id=162"},"modified":"2024-07-23T11:21:56","modified_gmt":"2024-07-23T09:21:56","slug":"bibliothek","status":"publish","type":"page","link":"http:\/\/chiusi.jura.uni-saarland.de\/?page_id=162","title":{"rendered":"Bibliothek"},"content":{"rendered":"<p><strong>Geviert der R\u00f6mischen Rechtsgeschichte (Geviert XXVIII)<\/strong><\/p>\n<p>Die Bibliothek f\u00fcr R\u00f6misches Recht (Geviert 28 des Deutsch-Europ\u00e4ischen Juridicums) ist neben den bedeutenden Sammlungen zum Europ\u00e4ischen Recht, zur Rechtsphilosophie und zur Deutschen Rechtsgeschichte ein besonderer Bereich des Deutsch-Europ\u00e4ischen Juridicums.<\/p>\n<p>Die Bibliothek versammelt die Quellen, Sammel- und Nachschlagewerke, Handb\u00fccher und Monographien sowie Zeitschriften zum antiken r\u00f6mischen Recht, seiner Rezeption und seinem Fortleben.<\/p>\n<p>Ihr Grundstock wurde mit Schaffung des Lehrstuhls f\u00fcr Zivilrecht und R\u00f6misches Recht (Professor Dr. G\u00fcnther Jahr) im Jahre 1961 eingerichtet. Seine Nachfolger, Professor Dr. Dr. Alfons B\u00fcrge und die heutige Inhaberin des Lehrstuhls, Frau Professor Dr. Dr. h.c. Tiziana Chiusi, haben durch Einsatz von Berufungsmitteln zwischenzeitlich entstandene L\u00fccken, vor allem hinsichtlich von Quellentexten und ausl\u00e4ndischer Fachliteratur, gef\u00fcllt. Die damit bestehende enge Verbindung zwischen Bibliothek und Lehrstuhl ist auch nach der r\u00e4umlichen Eingliederung in das Deutsch-Europ\u00e4ische Juridicum nicht verloren gegangen. Die Beschaffung der wegen der Materie internationalen Literatur wie die Bestandspflege ist jedem Lehrstuhlinhaber ein besonderes Anliegen, das die Bibliotheksverwaltung nach Kr\u00e4ften unterst\u00fctzt.<\/p>\n<p>Die Best\u00e4nde der Bibliothek sind entsprechend reich. Sie umfassen neben den eigentlichen juristischen Quellen, d.h. vor allem dem Corpus iuris civilis und den Institutionen des Gaius auch das inschriftliche Material der alten Welt, die Textausgaben der wichtigsten lateinischen und griechischen Schriftsteller, sowie die neuesten monographischen Abhandlungen zum R\u00f6mischen Recht in deutscher, italienischer, franz\u00f6sischer, spanischer, niederl\u00e4ndischer und englischer Sprache.<\/p>\n<p>Auch Sammelwerke, insbesondere Gesammelte Schriften, Festschriften und Sitzungsberichte der letzten 50 Jahre, sind \u2013 wie die wichtigsten romanistischen Zeitschriften (SZ, BIDR, SDHI, Labeo, Iura, TR, RH) \u2013 nahezu vollst\u00e4ndig vorhanden.<\/p>\n<p>Die Bibliothek bietet daher nicht nur f\u00fcr die Seminarteilnehmer und Doktoranden im R\u00f6mischen Recht eine wertvolle Hilfestellung, sondern ist auch als Forschungsst\u00e4tte besonders zu empfehlen. <a href=\"http:\/\/chiusi.jura.uni-saarland.de\/WP\/wp-content\/uploads\/2014\/06\/lageplanbib.jpg\"><img loading=\"lazy\" decoding=\"async\" class=\"aligncenter wp-image-163 size-full\" src=\"http:\/\/chiusi.jura.uni-saarland.de\/WP\/wp-content\/uploads\/2014\/06\/lageplanbib.jpg\" alt=\"lageplanbib\" width=\"770\" height=\"272\" srcset=\"http:\/\/chiusi.jura.uni-saarland.de\/WP\/wp-content\/uploads\/2014\/06\/lageplanbib.jpg 770w, http:\/\/chiusi.jura.uni-saarland.de\/WP\/wp-content\/uploads\/2014\/06\/lageplanbib-300x105.jpg 300w\" sizes=\"auto, (max-width: 770px) 100vw, 770px\" \/><\/a><\/p>\n<p><strong>HINWEIS:<\/strong><br \/>\nDie Bibliothek f\u00fcr R\u00f6misches Recht (Geviert 28 des Deutsch-Europ\u00e4ischen Juridicums) ist aus technischen Gr\u00fcnden leider nur noch \u00fcber das interne Netzwerk Edoram der UdS zu erreichen. Wenn Sie au\u00dferhalb dieses Netzwerkes Zugang zu unserer Datenbank w\u00fcnschen, wenden Sie sich bitte per <a href=\"mailto:lehrstuhl.chiusi@mx.uni-saarland.de\">E-Mail<\/a> an uns.<\/p>\n","protected":false},"excerpt":{"rendered":"<p>Geviert der R\u00f6mischen Rechtsgeschichte (Geviert XXVIII) Die Bibliothek f\u00fcr R\u00f6misches Recht (Geviert 28 des Deutsch-Europ\u00e4ischen Juridicums) ist neben den bedeutenden Sammlungen zum Europ\u00e4ischen Recht, zur Rechtsphilosophie und zur Deutschen Rechtsgeschichte ein besonderer Bereich des Deutsch-Europ\u00e4ischen Juridicums. Die Bibliothek versammelt die Quellen, Sammel- und Nachschlagewerke, Handb\u00fccher und Monographien sowie Zeitschriften zum antiken r\u00f6mischen Recht, seiner Rezeption &hellip; <a href=\"http:\/\/chiusi.jura.uni-saarland.de\/?page_id=162\" class=\"more-link\"><span class=\"screen-reader-text\">Bibliothek<\/span> weiterlesen <span class=\"meta-nav\">&rarr;<\/span><\/a><\/p>\n","protected":false},"author":1,"featured_media":0,"parent":0,"menu_order":0,"comment_status":"closed","ping_status":"closed","template":"","meta":{"footnotes":""},"class_list":["post-162","page","type-page","status-publish","hentry"],"_links":{"self":[{"href":"http:\/\/chiusi.jura.uni-saarland.de\/index.php?rest_route=\/wp\/v2\/pages\/162","targetHints":{"allow":["GET"]}}],"collection":[{"href":"http:\/\/chiusi.jura.uni-saarland.de\/index.php?rest_route=\/wp\/v2\/pages"}],"about":[{"href":"http:\/\/chiusi.jura.uni-saarland.de\/index.php?rest_route=\/wp\/v2\/types\/page"}],"author":[{"embeddable":true,"href":"http:\/\/chiusi.jura.uni-saarland.de\/index.php?rest_route=\/wp\/v2\/users\/1"}],"replies":[{"embeddable":true,"href":"http:\/\/chiusi.jura.uni-saarland.de\/index.php?rest_route=%2Fwp%2Fv2%2Fcomments&post=162"}],"version-history":[{"count":8,"href":"http:\/\/chiusi.jura.uni-saarland.de\/index.php?rest_route=\/wp\/v2\/pages\/162\/revisions"}],"predecessor-version":[{"id":3709,"href":"http:\/\/chiusi.jura.uni-saarland.de\/index.php?rest_route=\/wp\/v2\/pages\/162\/revisions\/3709"}],"wp:attachment":[{"href":"http:\/\/chiusi.jura.uni-saarland.de\/index.php?rest_route=%2Fwp%2Fv2%2Fmedia&parent=162"}],"curies":[{"name":"wp","href":"https:\/\/api.w.org\/{rel}","templated":true}]}}