{"id":190,"date":"2014-06-26T12:26:42","date_gmt":"2014-06-26T10:26:42","guid":{"rendered":"http:\/\/chiusi.jura.uni-saarland.de\/WP\/?page_id=190"},"modified":"2017-11-30T16:56:06","modified_gmt":"2017-11-30T14:56:06","slug":"impressum","status":"publish","type":"page","link":"http:\/\/chiusi.jura.uni-saarland.de\/?page_id=190","title":{"rendered":"Impressum"},"content":{"rendered":"<p><b>Impressum\/Anbieterkennzeichnung<\/b><br \/>\nAnbieter dieses Internetangebots ist die Universit\u00e4t des Saarlandes, eine K\u00f6rperschaft des \u00d6ffentlichen Rechts, vertreten durch den Universit\u00e4tspr\u00e4sidenten Prof. Dr. Manfred J. Schmitt.<\/p>\n<p>Aufsichtsbeh\u00f6rde: Staatskanzlei des Saarlandes<\/p>\n<p>Anschrift<br \/>\nUniversit\u00e4t des Saarlandes<br \/>\nCampus<br \/>\n66123 Saarbr\u00fccken<\/p>\n<p>Telefon: +49 (0)681\/302-0<br \/>\nTelefax: +49 (0)681\/302-2609<br \/>\nE-Mail: <a href=\"mailto:postzentrale@univw.uni-saarland.de\">postzentrale@univw.uni-saarland.de<\/a><\/p>\n<p>Umsatzsteueridentifikationsnummer: DE138117521<\/p>\n<p>Soweit dieser Server journalistisch-redaktionell gestaltete Angebote enth\u00e4lt, in denen vollst\u00e4ndig oder teilweise Inhalte periodischer Druckerzeugnisse in Text oder Bild wiedergegeben oder in periodischer Folge Texte verbreitet werden, ist verantwortlich i.S.v. \u00a7 55 Abs. 2 RStV: Prof. Dr. Volker Linneweber, Universit\u00e4t des Saarlandes, Campus, 66123 Saarbr\u00fccken.<\/p>\n<p><b>Angaben zu den verwendeten Bildern<\/b><br \/>\nSekretariat<br \/>\nBy xlibber (Desk Uploaded by russavia) [CC-BY-2.0 (http:\/\/creativecommons.org\/licenses\/by\/2.0)], via Wikimedia Commons \/ Desaturated from original<\/p>\n<p>Mitarbeiter<br \/>\n&#8222;<a href=\"https:\/\/www.flickr.com\/photos\/21560098@N06\/6627849859\/\">Building in Sydney and yes these are windows &#8211; in a huge office block !!<\/a>&#8220; by <a href=\"https:\/\/www.flickr.com\/photos\/21560098@N06\/\">Nina Matthews<\/a> , used under <a href=\"http:\/\/creativecommons.org\/licenses\/by\/2.0\/\">CC BY<\/a> \/ Desaturated from original<\/p>\n<p>Veranstaltungen<br \/>\nBy ChristianSchd (Own work) [CC-BY-SA-3.0 (http:\/\/creativecommons.org\/licenses\/by-sa\/3.0)], via Wikimedia Commons \/ Desaturated from original<\/p>\n<p>Literatur<br \/>\n&#8222;<a href=\"https:\/\/www.flickr.com\/photos\/taedc\/5466195423\/\">Library of Congress Reading Room Open House 17<\/a>&#8220; by <a href=\"https:\/\/www.flickr.com\/photos\/21560098@N06\/\">Ted Eytan<\/a> , used under <a href=\"http:\/\/creativecommons.org\/licenses\/by\/2.0\/\">CC BY<\/a> \/ Desaturated from original<\/p>\n","protected":false},"excerpt":{"rendered":"<p>Impressum\/Anbieterkennzeichnung Anbieter dieses Internetangebots ist die Universit\u00e4t des Saarlandes, eine K\u00f6rperschaft des \u00d6ffentlichen Rechts, vertreten durch den Universit\u00e4tspr\u00e4sidenten Prof. Dr. Manfred J. Schmitt. Aufsichtsbeh\u00f6rde: Staatskanzlei des Saarlandes Anschrift Universit\u00e4t des Saarlandes Campus 66123 Saarbr\u00fccken Telefon: +49 (0)681\/302-0 Telefax: +49 (0)681\/302-2609 E-Mail: postzentrale@univw.uni-saarland.de Umsatzsteueridentifikationsnummer: DE138117521 Soweit dieser Server journalistisch-redaktionell gestaltete Angebote enth\u00e4lt, in denen vollst\u00e4ndig oder &hellip; <a href=\"http:\/\/chiusi.jura.uni-saarland.de\/?page_id=190\" class=\"more-link\"><span class=\"screen-reader-text\">Impressum<\/span> weiterlesen <span class=\"meta-nav\">&rarr;<\/span><\/a><\/p>\n","protected":false},"author":1,"featured_media":0,"parent":0,"menu_order":0,"comment_status":"closed","ping_status":"closed","template":"","meta":{"footnotes":""},"class_list":["post-190","page","type-page","status-publish","hentry"],"_links":{"self":[{"href":"http:\/\/chiusi.jura.uni-saarland.de\/index.php?rest_route=\/wp\/v2\/pages\/190","targetHints":{"allow":["GET"]}}],"collection":[{"href":"http:\/\/chiusi.jura.uni-saarland.de\/index.php?rest_route=\/wp\/v2\/pages"}],"about":[{"href":"http:\/\/chiusi.jura.uni-saarland.de\/index.php?rest_route=\/wp\/v2\/types\/page"}],"author":[{"embeddable":true,"href":"http:\/\/chiusi.jura.uni-saarland.de\/index.php?rest_route=\/wp\/v2\/users\/1"}],"replies":[{"embeddable":true,"href":"http:\/\/chiusi.jura.uni-saarland.de\/index.php?rest_route=%2Fwp%2Fv2%2Fcomments&post=190"}],"version-history":[{"count":2,"href":"http:\/\/chiusi.jura.uni-saarland.de\/index.php?rest_route=\/wp\/v2\/pages\/190\/revisions"}],"predecessor-version":[{"id":809,"href":"http:\/\/chiusi.jura.uni-saarland.de\/index.php?rest_route=\/wp\/v2\/pages\/190\/revisions\/809"}],"wp:attachment":[{"href":"http:\/\/chiusi.jura.uni-saarland.de\/index.php?rest_route=%2Fwp%2Fv2%2Fmedia&parent=190"}],"curies":[{"name":"wp","href":"https:\/\/api.w.org\/{rel}","templated":true}]}}