{"id":472,"date":"2015-11-24T11:35:20","date_gmt":"2015-11-24T09:35:20","guid":{"rendered":"http:\/\/chiusi.jura.uni-saarland.de\/?page_id=472"},"modified":"2024-07-09T12:00:32","modified_gmt":"2024-07-09T10:00:32","slug":"tagung-2015","status":"publish","type":"page","link":"http:\/\/chiusi.jura.uni-saarland.de\/?page_id=472","title":{"rendered":"Tagung 2015"},"content":{"rendered":"<p>Unter dem Titel \u201eZu den Wechselwirkungen zwischen R\u00f6mischem Recht und Provinzialen Rechten anhand der Dokumente aus der jud\u00e4ischen W\u00fcste\u201c pr\u00e4sentierten internationale Experten auf einer Tagung an der Universit\u00e4t des Saarlandes vom 28. bis 30. September 2015 ihre Erkenntnisse zum \u201eArchiv der Babatha\u201c. Das sog. \u201eArchiv der Babatha\u201c ist eine Sammlung von Urkunden aus dem zweiten Jahrhundert nach Christus, die juristische Ereignisse im Leben der J\u00fcdin Babatha wiedergeben und in einer H\u00f6hle oberhalb des Toten Meeres entdeckt wurden. M\u00f6glicherweise hatte Babatha dort im Rahmen des Bar-Kochba Aufstandes der j\u00fcdischen Bev\u00f6lkerung gegen die r\u00f6mische Besatzung um das Jahr 132 Zuflucht gesucht. Die Urkunden stellen einen immens wertvollen Schatz f\u00fcr die rechtshistorische Forschung dar. Die 1961 vom ber\u00fchmten israelischen Arch\u00e4ologen Yigael Yadin entdeckten Urkunden erlauben mit ihren Mitgifturkunden, Ehe-, Kauf-, Pacht- und Verwahrungsvertr\u00e4gen einen tiefen Einblick in die Rechtspraxis des zweiten Jahrhunderts nach Christus.<\/p>\n<p>Nach einer Begr\u00fc\u00dfung der Teilnehmer durch Prof. Dr. Astrid Fellner, der Vizepr\u00e4sidentin f\u00fcr Europa &amp; Internationales an der Universit\u00e4t des Saarlandes, er\u00f6ffneten die Altphilologin <strong>Prof. Hannah Cotton (Hebrew Universit\u00e4t, Jerusalem)<\/strong> und <strong>Prof. Tiziana Chiusi (Saarbr\u00fccken)<\/strong> gemeinsam die Tagung.<\/p>\n<p>Im Anschluss daran referierte <strong>Prof. Werner Eck (Universit\u00e4t K\u00f6ln)<\/strong> in einem anschaulichen Vortrag \u00fcber \u201eDie Jurisdiktion r\u00f6mischer Amtstr\u00e4ger in den Provinzen\u201c. Danach widmete sich Prof. Chiusi den \u201eSpuren des R\u00f6mischen Rechts in dem Archiv von Babatha\u201c. An die hochkar\u00e4tigen Vortr\u00e4ge des Vormittags kn\u00fcpfe <strong>Prof. Ulrich Manthe (Universit\u00e4t Passau)<\/strong> nach einem gemeinsamen Mittagessen der Teilnehmer an und sprach \u00fcber die \u201eGrundst\u00fcckskaufvertr\u00e4ge in Nahal Never\u201c. Anschlie\u00dfend stand \u201eDie taqqanath ha-shuq im Kontext des R\u00f6misches Rechts\u201c, \u00fcber die <strong>Prof. Matthias Armgardt (Universit\u00e4t Konstanz)<\/strong> referierte, im Mittelpunkt der Tagung.<\/p>\n<p>Der 29. September war mit Vortr\u00e4gen von den G\u00e4sten aus dem Ausland gepr\u00e4gt. Prof. Cotton hatte mit einem spannenden Vortrag unter dem Motto \u201eOld and New in the Papyri from the Judaen Desert\u201c begonnen, w\u00e4hrend im Anschluss <strong>Prof. Philip F. Esler (Universit\u00e4t Gloucestershire)<\/strong> in einem kontrovers diskutierten Vortrag mit dem Thema \u201eThe Babatha Archive in a new light: Different Methods for Fresh Results.\u201c referierte. <strong>Prof. G\u00fcnter Stemberger (Universit\u00e4t Wien) <\/strong>untersuchte in seinem Vortrag das Babatha-Archiv und die fr\u00fche rabbinische Tradition auf Ber\u00fchrungspunkte und Einfl\u00fcsse. Zum Abschluss des Tages sprach <strong>Dr. Michael Jakob Zaken (Columbia Universit\u00e4t, New York)<\/strong> \u00fcber \u201eRabbinic Marriage Adjudication in the 2nd Century in light of the Babatha Archives and Rabbinc Case Law\u201c.<\/p>\n<p>Die Tagung wurde durch ein gemeinsames Rahmenprogramm f\u00fcr alle Teilnehmer mit Besichtigungen im Dreil\u00e4ndereck am 30. September abgerundet.<\/p>\n<p>Veranstaltet wurde die Tagung von Prof. Chiusi in Zusammenarbeit mit dem Collegium Europaeum Universitatis Saraviensis (CEUS) und dem Institut f\u00fcr Europ\u00e4isches Recht der Universit\u00e4t des Saarlandes. Anschlie\u00dfend sei erneut der Fritz Thyssen Stiftung f\u00fcr die F\u00f6rderung der Tagung gedankt.<\/p>\n","protected":false},"excerpt":{"rendered":"<p>Unter dem Titel \u201eZu den Wechselwirkungen zwischen R\u00f6mischem Recht und Provinzialen Rechten anhand der Dokumente aus der jud\u00e4ischen W\u00fcste\u201c pr\u00e4sentierten internationale Experten auf einer Tagung an der Universit\u00e4t des Saarlandes vom 28. bis 30. September 2015 ihre Erkenntnisse zum \u201eArchiv der Babatha\u201c. Das sog. \u201eArchiv der Babatha\u201c ist eine Sammlung von Urkunden aus dem zweiten &hellip; <a href=\"http:\/\/chiusi.jura.uni-saarland.de\/?page_id=472\" class=\"more-link\"><span class=\"screen-reader-text\">Tagung 2015<\/span> weiterlesen <span class=\"meta-nav\">&rarr;<\/span><\/a><\/p>\n","protected":false},"author":1,"featured_media":0,"parent":132,"menu_order":0,"comment_status":"closed","ping_status":"closed","template":"","meta":{"footnotes":""},"class_list":["post-472","page","type-page","status-publish","hentry"],"_links":{"self":[{"href":"http:\/\/chiusi.jura.uni-saarland.de\/index.php?rest_route=\/wp\/v2\/pages\/472","targetHints":{"allow":["GET"]}}],"collection":[{"href":"http:\/\/chiusi.jura.uni-saarland.de\/index.php?rest_route=\/wp\/v2\/pages"}],"about":[{"href":"http:\/\/chiusi.jura.uni-saarland.de\/index.php?rest_route=\/wp\/v2\/types\/page"}],"author":[{"embeddable":true,"href":"http:\/\/chiusi.jura.uni-saarland.de\/index.php?rest_route=\/wp\/v2\/users\/1"}],"replies":[{"embeddable":true,"href":"http:\/\/chiusi.jura.uni-saarland.de\/index.php?rest_route=%2Fwp%2Fv2%2Fcomments&post=472"}],"version-history":[{"count":3,"href":"http:\/\/chiusi.jura.uni-saarland.de\/index.php?rest_route=\/wp\/v2\/pages\/472\/revisions"}],"predecessor-version":[{"id":3670,"href":"http:\/\/chiusi.jura.uni-saarland.de\/index.php?rest_route=\/wp\/v2\/pages\/472\/revisions\/3670"}],"up":[{"embeddable":true,"href":"http:\/\/chiusi.jura.uni-saarland.de\/index.php?rest_route=\/wp\/v2\/pages\/132"}],"wp:attachment":[{"href":"http:\/\/chiusi.jura.uni-saarland.de\/index.php?rest_route=%2Fwp%2Fv2%2Fmedia&parent=472"}],"curies":[{"name":"wp","href":"https:\/\/api.w.org\/{rel}","templated":true}]}}